{"id":318,"date":"2022-03-20T08:45:41","date_gmt":"2022-03-20T08:45:41","guid":{"rendered":"https:\/\/psychotherapie-agnesschmelmer.de\/?page_id=318"},"modified":"2025-07-30T19:31:08","modified_gmt":"2025-07-30T19:31:08","slug":"318-2","status":"publish","type":"page","link":"https:\/\/psychotherapie-agnesschmelmer.de\/?page_id=318","title":{"rendered":"FAQ"},"content":{"rendered":"\n<div id=\"wp-block-themeisle-blocks-advanced-columns-6f4c9758\" class=\"wp-block-themeisle-blocks-advanced-columns has-1-columns has-desktop-equal-layout has-tablet-equal-layout has-mobile-equal-layout has-vertical-unset\"><div class=\"wp-block-themeisle-blocks-advanced-columns-overlay\"><\/div><div class=\"innerblocks-wrap\">\n<div id=\"wp-block-themeisle-blocks-advanced-column-b21fb1c3\" class=\"wp-block-themeisle-blocks-advanced-column\"><\/div>\n<\/div><\/div>\n\n\n\n<div id=\"wp-block-themeisle-blocks-advanced-columns-426f9349\" class=\"wp-block-themeisle-blocks-advanced-columns alignfull has-1-columns has-desktop-equal-layout has-tablet-equal-layout has-mobile-equal-layout has-vertical-unset\"><div class=\"wp-block-themeisle-blocks-advanced-columns-overlay\"><\/div><div class=\"innerblocks-wrap\">\n<div id=\"wp-block-themeisle-blocks-advanced-column-2d6ab3c4\" class=\"wp-block-themeisle-blocks-advanced-column\">\n<h1 id=\"wp-block-themeisle-blocks-advanced-heading-274d659b\" class=\"wp-block-themeisle-blocks-advanced-heading wp-block-themeisle-blocks-advanced-heading-274d659b\">H\u00e4ufig gestellte Fragen<\/h1>\n\n\n\n<hr class=\"wp-block-separator has-text-color has-vivid-cyan-blue-color has-css-opacity has-vivid-cyan-blue-background-color has-background aligncenter is-style-wide\"\/>\n\n\n\n<div id=\"wp-block-themeisle-blocks-accordion-6b28453a\" class=\"wp-block-themeisle-blocks-accordion exclusive\">\n<details class=\"wp-block-themeisle-blocks-accordion-item\"><summary class=\"wp-block-themeisle-blocks-accordion-item__title\"><div>Was erwartet mich im Erstgespr\u00e4ch?<\/div><\/summary><div class=\"wp-block-themeisle-blocks-accordion-item__content\">\n<p>Das Erstgespr\u00e4ch dient dem gegenseitigen Kennenlernen von Patient und Psychotherapeut. Wir k\u00f6nnen gemeinsam rausfinden, ob ich f\u00fcr ihr Problem das richtige Angebot habe und ob wir uns vorstellen k\u00f6nnen miteinander zu arbeiten. Eine Kurzexploration ihrer Problematik, das Skizzieren eines m\u00f6glichen Behandlungsangebots und das Abw\u00e4gen m\u00f6glicher Alternativen soll hier stattfinden. Innerhalb 5 sogenannter probatorischer Sitzungen haben wir die M\u00f6glichkeit die biographische Anamnese zu vertiefen und ihr individuelles \u201eSt\u00f6rungsmodell\u201c zu entwickeln, um dann gemeinsam ihren Zielen entsprechende L\u00f6sungen zu entwickeln. Passt mein Angebot zu Ihren Bed\u00fcrfnissen, k\u00f6nnen wir eine Kurz- oder Langzeittherapie anschlie\u00dfen.<\/p>\n<\/div><\/details>\n<\/div>\n\n\n\n<div id=\"wp-block-themeisle-blocks-accordion-67e8205b\" class=\"wp-block-themeisle-blocks-accordion exclusive\">\n<details class=\"wp-block-themeisle-blocks-accordion-item\"><summary class=\"wp-block-themeisle-blocks-accordion-item__title\"><div>Bekomme ich einen festen Termin und wie lange dauert eine Sitzung?<\/div><\/summary><div class=\"wp-block-themeisle-blocks-accordion-item__content\">\n<p>Eine psychotherapeutische Sitzung dauert 50 Minuten. Termine werden individuell vereinbart und finden in der Regel alle ein bis zwei Wochen statt.<\/p>\n<\/div><\/details>\n<\/div>\n\n\n\n<div id=\"wp-block-themeisle-blocks-accordion-df7828f9\" class=\"wp-block-themeisle-blocks-accordion exclusive\">\n<details class=\"wp-block-themeisle-blocks-accordion-item\"><summary class=\"wp-block-themeisle-blocks-accordion-item__title\"><div>Was mache ich, wenn ich einen Termin nicht wahrnehmen kann?<\/div><\/summary><div class=\"wp-block-themeisle-blocks-accordion-item__content\">\n<p>Meine Praxis arbeitet nach einem langfristigen Bestellprinzip, das hei\u00dft, Termine werden fest vergeben und sind verbindlich. Anders als bei Ihrem Hausarzt, der auf eine Stunde f\u00fcnf bis sieben Patienten einbestellen kann, l\u00e4sst sich ein Psychotherapietermin nicht durch andere Patienten ausgleichen. Termine, die zu kurzfristig oder gar nicht abgesagt wurden, werden daher in Rechnung gestellt. Sie k\u00f6nnen einen vereinbarten Termin bis <strong>48 Stunden<\/strong> vorher <strong>kostenfrei<\/strong> absagen. Bitte tun Sie dies dann per E-mail unter <a href=\"mailto:info@psychotherapie-agnesschmelmer.de\">info@psychotherapie-agnesschmelmer.de<\/a>. F\u00fcr nicht oder zu sp\u00e4t abgesagte Termine berechne ich ein Ausfallhonorar, welches von Ihnen pers\u00f6nlich erstattet werden muss.<\/p>\n<\/div><\/details>\n<\/div>\n\n\n\n<div id=\"wp-block-themeisle-blocks-accordion-35ef1592\" class=\"wp-block-themeisle-blocks-accordion exclusive\"><\/div>\n\n\n\n<div id=\"wp-block-themeisle-blocks-accordion-dac0783e\" class=\"wp-block-themeisle-blocks-accordion exclusive\"><\/div>\n\n\n\n<div id=\"wp-block-themeisle-blocks-accordion-b1e43a69\" class=\"wp-block-themeisle-blocks-accordion exclusive\"><\/div>\n\n\n\n<div id=\"wp-block-themeisle-blocks-accordion-0d5ade51\" class=\"wp-block-themeisle-blocks-accordion exclusive is-wider-gap\"><\/div>\n<\/div>\n<\/div><\/div>\n\n\n\n<div class=\"wp-block-columns alignfull are-vertically-aligned-center has-ast-global-color-5-background-color has-background is-layout-flex wp-container-core-columns-is-layout-28f84493 wp-block-columns-is-layout-flex\">\n<div class=\"wp-block-column is-vertically-aligned-center is-layout-flow wp-block-column-is-layout-flow\" style=\"flex-basis:500px\"><div class=\"is-default-size alignright wp-block-site-logo\"><a href=\"https:\/\/psychotherapie-agnesschmelmer.de\/\" class=\"custom-logo-link\" rel=\"home\"><img loading=\"lazy\" decoding=\"async\" width=\"551\" height=\"546\" src=\"https:\/\/psychotherapie-agnesschmelmer.de\/wp-content\/uploads\/2022\/04\/cropped-Logo-1-109x108.jpg\" class=\"custom-logo\" alt=\"Praxis f\u00fcr Psychotherapie\" srcset=\"\" sizes=\"auto, (max-width: 551px) 100vw, 551px\" \/><\/a><\/div><\/div>\n\n\n\n<div class=\"wp-block-column is-vertically-aligned-center is-layout-flow wp-block-column-is-layout-flow\" style=\"flex-basis:400px\">\n<p class=\"has-ast-global-color-8-color has-text-color has-medium-font-size\"><strong>Praxis f\u00fcr Psychotherapie<\/strong><\/p>\n\n\n\n<hr class=\"wp-block-separator has-text-color has-cyan-bluish-gray-color has-css-opacity has-cyan-bluish-gray-background-color has-background is-style-wide\"\/>\n\n\n\n<p>Psychologische Psychotherapeutin<br>Kolbersbach 10<br>94256 Drachselsried<\/p>\n<\/div>\n\n\n\n<div class=\"wp-block-column is-vertically-aligned-center is-layout-flow wp-block-column-is-layout-flow\" style=\"flex-basis:400px\">\n<p><\/p>\n\n\n\n<p><strong>Tel.: 09945\/902630<br>info@psychotherapie-agnesschmelmer.de<\/strong><\/p>\n<\/div>\n<\/div>\n","protected":false},"excerpt":{"rendered":"<p>Praxis f\u00fcr Psychotherapie Psychologische PsychotherapeutinKolbersbach 1094256 Drachselsried Tel.: 09945\/902630info@psychotherapie-agnesschmelmer.de<\/p>\n","protected":false},"author":1,"featured_media":0,"parent":0,"menu_order":60,"comment_status":"closed","ping_status":"closed","template":"","meta":{"site-sidebar-layout":"no-sidebar","site-content-layout":"plain-container","ast-site-content-layout":"normal-width-container","site-content-style":"unboxed","site-sidebar-style":"unboxed","ast-global-header-display":"","ast-banner-title-visibility":"","ast-main-header-display":"","ast-hfb-above-header-display":"","ast-hfb-below-header-display":"","ast-hfb-mobile-header-display":"","site-post-title":"disabled","ast-breadcrumbs-content":"","ast-featured-img":"","footer-sml-layout":"","ast-disable-related-posts":"","theme-transparent-header-meta":"","adv-header-id-meta":"","stick-header-meta":"","header-above-stick-meta":"","header-main-stick-meta":"","header-below-stick-meta":"","astra-migrate-meta-layouts":"set","ast-page-background-enabled":"default","ast-page-background-meta":{"desktop":{"background-color":"var(--ast-global-color-4)","background-image":"","background-repeat":"repeat","background-position":"center center","background-size":"auto","background-attachment":"scroll","background-type":"","background-media":"","overlay-type":"","overlay-color":"","overlay-opacity":"","overlay-gradient":""},"tablet":{"background-color":"","background-image":"","background-repeat":"repeat","background-position":"center center","background-size":"auto","background-attachment":"scroll","background-type":"","background-media":"","overlay-type":"","overlay-color":"","overlay-opacity":"","overlay-gradient":""},"mobile":{"background-color":"","background-image":"","background-repeat":"repeat","background-position":"center center","background-size":"auto","background-attachment":"scroll","background-type":"","background-media":"","overlay-type":"","overlay-color":"","overlay-opacity":"","overlay-gradient":""}},"ast-content-background-meta":{"desktop":{"background-color":"var(--ast-global-color-5)","background-image":"","background-repeat":"repeat","background-position":"center center","background-size":"auto","background-attachment":"scroll","background-type":"","background-media":"","overlay-type":"","overlay-color":"","overlay-opacity":"","overlay-gradient":""},"tablet":{"background-color":"var(--ast-global-color-5)","background-image":"","background-repeat":"repeat","background-position":"center center","background-size":"auto","background-attachment":"scroll","background-type":"","background-media":"","overlay-type":"","overlay-color":"","overlay-opacity":"","overlay-gradient":""},"mobile":{"background-color":"var(--ast-global-color-5)","background-image":"","background-repeat":"repeat","background-position":"center center","background-size":"auto","background-attachment":"scroll","background-type":"","background-media":"","overlay-type":"","overlay-color":"","overlay-opacity":"","overlay-gradient":""}},"_themeisle_gutenberg_block_has_review":false,"footnotes":""},"class_list":["post-318","page","type-page","status-publish","hentry"],"_links":{"self":[{"href":"https:\/\/psychotherapie-agnesschmelmer.de\/index.php?rest_route=\/wp\/v2\/pages\/318","targetHints":{"allow":["GET"]}}],"collection":[{"href":"https:\/\/psychotherapie-agnesschmelmer.de\/index.php?rest_route=\/wp\/v2\/pages"}],"about":[{"href":"https:\/\/psychotherapie-agnesschmelmer.de\/index.php?rest_route=\/wp\/v2\/types\/page"}],"author":[{"embeddable":true,"href":"https:\/\/psychotherapie-agnesschmelmer.de\/index.php?rest_route=\/wp\/v2\/users\/1"}],"replies":[{"embeddable":true,"href":"https:\/\/psychotherapie-agnesschmelmer.de\/index.php?rest_route=%2Fwp%2Fv2%2Fcomments&post=318"}],"version-history":[{"count":47,"href":"https:\/\/psychotherapie-agnesschmelmer.de\/index.php?rest_route=\/wp\/v2\/pages\/318\/revisions"}],"predecessor-version":[{"id":797,"href":"https:\/\/psychotherapie-agnesschmelmer.de\/index.php?rest_route=\/wp\/v2\/pages\/318\/revisions\/797"}],"wp:attachment":[{"href":"https:\/\/psychotherapie-agnesschmelmer.de\/index.php?rest_route=%2Fwp%2Fv2%2Fmedia&parent=318"}],"curies":[{"name":"wp","href":"https:\/\/api.w.org\/{rel}","templated":true}]}}