{"id":247,"date":"2022-03-19T22:49:23","date_gmt":"2022-03-19T22:49:23","guid":{"rendered":"https:\/\/psychotherapie-agnesschmelmer.de\/?page_id=247"},"modified":"2025-07-30T19:21:55","modified_gmt":"2025-07-30T19:21:55","slug":"impressum","status":"publish","type":"page","link":"https:\/\/psychotherapie-agnesschmelmer.de\/?page_id=247","title":{"rendered":"IMPRESSUM"},"content":{"rendered":"\n<p>Angaben gem\u00e4\u00df \u00a7 5 TMG<br><br><strong>Betreiberin und inhaltlich verantwortlich<\/strong><br>Agnes Schmelmer<br>Praxis f\u00fcr Psychotherapie<br>Kolbersbach 10<br>94256 Drachselsried<br>Tel. 09945\/902630<br><br><a href=\"mailto:info@psychotherapie-agnesschmelmer.de\">info@psychotherapie-agnesschmelmer.de<\/a><br>https:\/\/psychotherapie-agnesschmelmer.de<br><br><strong><strong>Gesetzliche Berufsbezeichnung<\/strong><br><\/strong>Psychologische Psychotherapeutin<br>Approbation verliehen durch die Regierung von Niederbayern<br>Die Approbation berechtigt die Psychologische Psychotherapeutin zur Aus\u00fcbung der heilkundlichen Psychotherapie im Sinne des Pragraphen 1 Abs. 3 Satz 1 des Psychotherapeutengesetzes.<br><br><strong>Aufsichtsbeh\u00f6rde<\/strong><br>Bayerische Landeskammer der Psychologischen Psychotherapeuten<br>Birketweg 30<br>80639 M\u00fcnchen<br><br>Telefon 089 51 55 55 \u2013 0<br>Telefax 089 51 55 55 \u2013 25<br>http:\/\/www.ptk-bayern.de<\/p>\n\n\n\n<p><strong>Berufsordnung und berufsrechtliche Regelungen<\/strong><br>Berufsordnung f\u00fcr die Psychologischen Psychotherapeuten der Landespsychotherapeutenkammer Bayern<br>www.ptk-bayern.de\/pdf\/kammer\/berufsordnung.pdf<br><br><\/p>\n\n\n\n<h3 class=\"wp-block-heading\">Haftung f\u00fcr Inhalte<\/h3>\n\n\n\n<p>Als Diensteanbieter sind wir gem\u00e4\u00df \u00a7 7 Abs.1 TMG f\u00fcr eigene Inhalte auf diesen Seiten nach den allgemeinen Gesetzen verantwortlich. Nach \u00a7\u00a7 8 bis 10 TMG sind wir als Diensteanbieter jedoch nicht verpflichtet, \u00fcbermittelte oder gespeicherte fremde Informationen zu \u00fcberwachen oder nach Umst\u00e4nden zu forschen, die auf eine rechtswidrige T\u00e4tigkeit hinweisen.<\/p>\n\n\n\n<p>Verpflichtungen zur Entfernung oder Sperrung der Nutzung von Informationen nach den allgemeinen Gesetzen bleiben hiervon unber\u00fchrt. Eine diesbez\u00fcgliche Haftung ist jedoch erst ab dem Zeitpunkt der Kenntnis einer konkreten Rechtsverletzung m\u00f6glich. Bei Bekanntwerden von entsprechenden Rechtsverletzungen werden wir diese Inhalte umgehend entfernen.<\/p>\n\n\n\n<h3 class=\"wp-block-heading\">Haftung f\u00fcr Links<\/h3>\n\n\n\n<p>Unser Angebot enth\u00e4lt Links zu externen Websites Dritter, auf deren Inhalte wir keinen Einfluss haben. Deshalb k\u00f6nnen wir f\u00fcr diese fremden Inhalte auch keine Gew\u00e4hr \u00fcbernehmen. F\u00fcr die Inhalte der verlinkten Seiten ist stets der jeweilige Anbieter oder Betreiber der Seiten verantwortlich. Die verlinkten Seiten wurden zum Zeitpunkt der Verlinkung auf m\u00f6gliche Rechtsverst\u00f6\u00dfe \u00fcberpr\u00fcft. Rechtswidrige Inhalte waren zum Zeitpunkt der Verlinkung nicht erkennbar.<\/p>\n\n\n\n<p>Eine permanente inhaltliche Kontrolle der verlinkten Seiten ist jedoch ohne konkrete Anhaltspunkte einer Rechtsverletzung nicht zumutbar. Bei Bekanntwerden von Rechtsverletzungen werden wir derartige Links umgehend entfernen.<\/p>\n\n\n\n<h3 class=\"wp-block-heading\">Urheberrecht<\/h3>\n\n\n\n<p>Die durch die Seitenbetreiber erstellten Inhalte und Werke auf diesen Seiten unterliegen dem deutschen Urheberrecht. Die Vervielf\u00e4ltigung, Bearbeitung, Verbreitung und jede Art der Verwertung au\u00dferhalb der Grenzen des Urheberrechtes bed\u00fcrfen der schriftlichen Zustimmung des jeweiligen Autors bzw. Erstellers. Downloads und Kopien dieser Seite sind nur f\u00fcr den privaten, nicht kommerziellen Gebrauch gestattet.<\/p>\n\n\n\n<p>Soweit die Inhalte auf dieser Seite nicht vom Betreiber erstellt wurden, werden die Urheberrechte Dritter beachtet. Insbesondere werden Inhalte Dritter als solche gekennzeichnet. Sollten Sie trotzdem auf eine Urheberrechtsverletzung aufmerksam werden, bitten wir um einen entsprechenden Hinweis. Bei Bekanntwerden von Rechtsverletzungen werden wir derartige Inhalte umgehend entfernen.<\/p>\n\n\n\n<p><br><br>Quelle:e-recht24.de<\/p>\n","protected":false},"excerpt":{"rendered":"<p>Angaben gem\u00e4\u00df \u00a7 5 TMG Betreiberin und inhaltlich verantwortlichAgnes SchmelmerPraxis f\u00fcr PsychotherapieKolbersbach 1094256 DrachselsriedTel. 09945\/902630 info@psychotherapie-agnesschmelmer.dehttps:\/\/psychotherapie-agnesschmelmer.de Gesetzliche BerufsbezeichnungPsychologische PsychotherapeutinApprobation verliehen durch die Regierung von NiederbayernDie Approbation berechtigt die Psychologische Psychotherapeutin zur Aus\u00fcbung der heilkundlichen Psychotherapie im Sinne des Pragraphen 1 Abs. 3 Satz 1 des Psychotherapeutengesetzes. Aufsichtsbeh\u00f6rdeBayerische Landeskammer der Psychologischen PsychotherapeutenBirketweg 3080639 M\u00fcnchen Telefon 089 [&hellip;]<\/p>\n","protected":false},"author":1,"featured_media":0,"parent":0,"menu_order":80,"comment_status":"closed","ping_status":"closed","template":"","meta":{"site-sidebar-layout":"default","site-content-layout":"boxed-container","ast-site-content-layout":"normal-width-container","site-content-style":"boxed","site-sidebar-style":"boxed","ast-global-header-display":"","ast-banner-title-visibility":"","ast-main-header-display":"","ast-hfb-above-header-display":"","ast-hfb-below-header-display":"","ast-hfb-mobile-header-display":"","site-post-title":"disabled","ast-breadcrumbs-content":"","ast-featured-img":"","footer-sml-layout":"","ast-disable-related-posts":"","theme-transparent-header-meta":"","adv-header-id-meta":"","stick-header-meta":"","header-above-stick-meta":"","header-main-stick-meta":"","header-below-stick-meta":"","astra-migrate-meta-layouts":"set","ast-page-background-enabled":"default","ast-page-background-meta":{"desktop":{"background-color":"var(--ast-global-color-4)","background-image":"","background-repeat":"repeat","background-position":"center center","background-size":"auto","background-attachment":"scroll","background-type":"","background-media":"","overlay-type":"","overlay-color":"","overlay-opacity":"","overlay-gradient":""},"tablet":{"background-color":"","background-image":"","background-repeat":"repeat","background-position":"center center","background-size":"auto","background-attachment":"scroll","background-type":"","background-media":"","overlay-type":"","overlay-color":"","overlay-opacity":"","overlay-gradient":""},"mobile":{"background-color":"","background-image":"","background-repeat":"repeat","background-position":"center center","background-size":"auto","background-attachment":"scroll","background-type":"","background-media":"","overlay-type":"","overlay-color":"","overlay-opacity":"","overlay-gradient":""}},"ast-content-background-meta":{"desktop":{"background-color":"var(--ast-global-color-5)","background-image":"","background-repeat":"repeat","background-position":"center center","background-size":"auto","background-attachment":"scroll","background-type":"","background-media":"","overlay-type":"","overlay-color":"","overlay-opacity":"","overlay-gradient":""},"tablet":{"background-color":"var(--ast-global-color-5)","background-image":"","background-repeat":"repeat","background-position":"center center","background-size":"auto","background-attachment":"scroll","background-type":"","background-media":"","overlay-type":"","overlay-color":"","overlay-opacity":"","overlay-gradient":""},"mobile":{"background-color":"var(--ast-global-color-5)","background-image":"","background-repeat":"repeat","background-position":"center center","background-size":"auto","background-attachment":"scroll","background-type":"","background-media":"","overlay-type":"","overlay-color":"","overlay-opacity":"","overlay-gradient":""}},"_themeisle_gutenberg_block_has_review":false,"footnotes":""},"class_list":["post-247","page","type-page","status-publish","hentry"],"_links":{"self":[{"href":"https:\/\/psychotherapie-agnesschmelmer.de\/index.php?rest_route=\/wp\/v2\/pages\/247","targetHints":{"allow":["GET"]}}],"collection":[{"href":"https:\/\/psychotherapie-agnesschmelmer.de\/index.php?rest_route=\/wp\/v2\/pages"}],"about":[{"href":"https:\/\/psychotherapie-agnesschmelmer.de\/index.php?rest_route=\/wp\/v2\/types\/page"}],"author":[{"embeddable":true,"href":"https:\/\/psychotherapie-agnesschmelmer.de\/index.php?rest_route=\/wp\/v2\/users\/1"}],"replies":[{"embeddable":true,"href":"https:\/\/psychotherapie-agnesschmelmer.de\/index.php?rest_route=%2Fwp%2Fv2%2Fcomments&post=247"}],"version-history":[{"count":7,"href":"https:\/\/psychotherapie-agnesschmelmer.de\/index.php?rest_route=\/wp\/v2\/pages\/247\/revisions"}],"predecessor-version":[{"id":793,"href":"https:\/\/psychotherapie-agnesschmelmer.de\/index.php?rest_route=\/wp\/v2\/pages\/247\/revisions\/793"}],"wp:attachment":[{"href":"https:\/\/psychotherapie-agnesschmelmer.de\/index.php?rest_route=%2Fwp%2Fv2%2Fmedia&parent=247"}],"curies":[{"name":"wp","href":"https:\/\/api.w.org\/{rel}","templated":true}]}}