{"id":150,"date":"2020-06-20T05:52:29","date_gmt":"2020-06-20T05:52:29","guid":{"rendered":"https:\/\/demosites.io\/psychologist-gb\/?page_id=150"},"modified":"2025-07-30T19:18:46","modified_gmt":"2025-07-30T19:18:46","slug":"68cc9-services","status":"publish","type":"page","link":"https:\/\/psychotherapie-agnesschmelmer.de\/?page_id=150","title":{"rendered":"PSYCHOTHERAPIE"},"content":{"rendered":"\n<div id=\"wp-block-themeisle-blocks-advanced-columns-a957ea47\" class=\"wp-block-themeisle-blocks-advanced-columns alignfull has-1-columns has-desktop-equal-layout has-tablet-equal-layout has-mobile-equal-layout has-vertical-unset has-vertical-undefined\"><div class=\"wp-block-themeisle-blocks-advanced-columns-overlay\"><\/div><div class=\"innerblocks-wrap\">\n<div id=\"wp-block-themeisle-blocks-advanced-column-6f56895c\" class=\"wp-block-themeisle-blocks-advanced-column\"><\/div>\n<\/div><\/div>\n\n\n\n<div id=\"wp-block-themeisle-blocks-advanced-columns-92fe41c1\" class=\"wp-block-themeisle-blocks-advanced-columns alignfull has-1-columns has-desktop-equal-layout has-tablet-equal-layout has-mobile-equal-layout has-vertical-unset\"><div class=\"wp-block-themeisle-blocks-advanced-columns-overlay\"><\/div><div class=\"innerblocks-wrap\">\n<div id=\"wp-block-themeisle-blocks-advanced-column-24befe03\" class=\"wp-block-themeisle-blocks-advanced-column\">\n<div id=\"wp-block-themeisle-blocks-advanced-columns-56e5c04e\" class=\"wp-block-themeisle-blocks-advanced-columns has-2-columns has-desktop-equal-layout has-tablet-oneTwo-layout has-mobile-collapsedRows-layout has-vertical-unset has-vertical-undefined\"><div class=\"wp-block-themeisle-blocks-advanced-columns-overlay\"><\/div><div class=\"innerblocks-wrap\">\n<div id=\"wp-block-themeisle-blocks-advanced-column-78d4ced7\" class=\"wp-block-themeisle-blocks-advanced-column\">\n<h2 id=\"wp-block-themeisle-blocks-advanced-heading-351f818f\" class=\"wp-block-themeisle-blocks-advanced-heading wp-block-themeisle-blocks-advanced-heading-351f818f\">Verhaltenstherapie<\/h2>\n\n\n\n<p>Ich arbeite nach dem wissenschaftlich anerkannten Richtlinienverfahren Verhaltenstherapie. Dabei erarbeite ich abh\u00e4ngig vom individuellen Beschwerdebild ein therapeutisches Konzept, durch welches die Symptome erkl\u00e4rt werden k\u00f6nnen. Daraus und aus den gemeinsam entwickelten Therapiezielen erstelle ich einen Behandlungsplan. Dabei kommen wissenschaftlich gut belegte Methoden und \u00dcbungen zum Einsatz, um die Symptome und Lebensqualit\u00e4t im HIER und JETZT zu verbessern. Im gesamten therapeutischen Prozess nimmt der Patient eine aktive Rolle ein. Ich gestalte mein Vorgehen transparent, so dass jederzeit klar ist, wozu welche Intervention durchgef\u00fchrt werden soll.<\/p>\n<\/div>\n\n\n\n<div id=\"wp-block-themeisle-blocks-advanced-column-afb1c2ae\" class=\"wp-block-themeisle-blocks-advanced-column\">\n<div style=\"height:40px\" aria-hidden=\"true\" class=\"wp-block-spacer\"><\/div>\n\n\n\n<p><\/p>\n\n\n\n<figure class=\"wp-block-image aligncenter size-medium is-style-rounded\"><img loading=\"lazy\" decoding=\"async\" width=\"200\" height=\"300\" src=\"https:\/\/psychotherapie-agnesschmelmer.de\/wp-content\/uploads\/2022\/03\/Praxis_Therapieraum-200x300.jpg\" alt=\"\" class=\"wp-image-608\" srcset=\"https:\/\/psychotherapie-agnesschmelmer.de\/wp-content\/uploads\/2022\/03\/Praxis_Therapieraum-200x300.jpg 200w, https:\/\/psychotherapie-agnesschmelmer.de\/wp-content\/uploads\/2022\/03\/Praxis_Therapieraum-683x1024.jpg 683w, https:\/\/psychotherapie-agnesschmelmer.de\/wp-content\/uploads\/2022\/03\/Praxis_Therapieraum-768x1152.jpg 768w, https:\/\/psychotherapie-agnesschmelmer.de\/wp-content\/uploads\/2022\/03\/Praxis_Therapieraum-1024x1536.jpg 1024w, https:\/\/psychotherapie-agnesschmelmer.de\/wp-content\/uploads\/2022\/03\/Praxis_Therapieraum-1365x2048.jpg 1365w, https:\/\/psychotherapie-agnesschmelmer.de\/wp-content\/uploads\/2022\/03\/Praxis_Therapieraum-scaled.jpg 1707w\" sizes=\"auto, (max-width: 200px) 100vw, 200px\" \/><\/figure>\n<\/div>\n<\/div><\/div>\n<\/div>\n<\/div><\/div>\n\n\n\n<div class=\"wp-block-columns alignfull are-vertically-aligned-center has-ast-global-color-5-background-color has-background is-layout-flex wp-container-core-columns-is-layout-28f84493 wp-block-columns-is-layout-flex\">\n<div class=\"wp-block-column is-vertically-aligned-center is-layout-flow wp-block-column-is-layout-flow\" style=\"flex-basis:500px\"><div class=\"is-default-size alignright wp-block-site-logo\"><a href=\"https:\/\/psychotherapie-agnesschmelmer.de\/\" class=\"custom-logo-link\" rel=\"home\"><img loading=\"lazy\" decoding=\"async\" width=\"551\" height=\"546\" src=\"https:\/\/psychotherapie-agnesschmelmer.de\/wp-content\/uploads\/2022\/04\/cropped-Logo-1-109x108.jpg\" class=\"custom-logo\" alt=\"Praxis f\u00fcr Psychotherapie\" srcset=\"\" sizes=\"auto, (max-width: 551px) 100vw, 551px\" \/><\/a><\/div><\/div>\n\n\n\n<div class=\"wp-block-column is-vertically-aligned-center is-layout-flow wp-block-column-is-layout-flow\" style=\"flex-basis:400px\">\n<p class=\"has-ast-global-color-8-color has-text-color has-medium-font-size\"><strong>Praxis f\u00fcr Psychotherapie<\/strong><\/p>\n\n\n\n<hr class=\"wp-block-separator has-text-color has-cyan-bluish-gray-color has-css-opacity has-cyan-bluish-gray-background-color has-background is-style-wide\"\/>\n\n\n\n<p>Psychologische Psychotherapeutin<br>Kolbersbach 4<br>94256 Drachselsried<\/p>\n<\/div>\n\n\n\n<div class=\"wp-block-column is-vertically-aligned-center is-layout-flow wp-block-column-is-layout-flow\" style=\"flex-basis:400px\">\n<p><\/p>\n\n\n\n<p><strong>Tel.: 09945\/902630<br>info@psychotherapie-agnesschmelmer.de<\/strong><\/p>\n<\/div>\n<\/div>\n","protected":false},"excerpt":{"rendered":"<p>Praxis f\u00fcr Psychotherapie Psychologische PsychotherapeutinKolbersbach 494256 Drachselsried Tel.: 09945\/902630info@psychotherapie-agnesschmelmer.de<\/p>\n","protected":false},"author":1,"featured_media":0,"parent":0,"menu_order":20,"comment_status":"closed","ping_status":"closed","template":"","meta":{"site-sidebar-layout":"no-sidebar","site-content-layout":"plain-container","ast-site-content-layout":"normal-width-container","site-content-style":"unboxed","site-sidebar-style":"unboxed","ast-global-header-display":"","ast-banner-title-visibility":"","ast-main-header-display":"","ast-hfb-above-header-display":"","ast-hfb-below-header-display":"","ast-hfb-mobile-header-display":"","site-post-title":"disabled","ast-breadcrumbs-content":"","ast-featured-img":"","footer-sml-layout":"","ast-disable-related-posts":"","theme-transparent-header-meta":"","adv-header-id-meta":"","stick-header-meta":"","header-above-stick-meta":"","header-main-stick-meta":"","header-below-stick-meta":"","astra-migrate-meta-layouts":"set","ast-page-background-enabled":"default","ast-page-background-meta":{"desktop":{"background-color":"var(--ast-global-color-4)","background-image":"","background-repeat":"repeat","background-position":"center center","background-size":"auto","background-attachment":"scroll","background-type":"","background-media":"","overlay-type":"","overlay-color":"","overlay-opacity":"","overlay-gradient":""},"tablet":{"background-color":"","background-image":"","background-repeat":"repeat","background-position":"center center","background-size":"auto","background-attachment":"scroll","background-type":"","background-media":"","overlay-type":"","overlay-color":"","overlay-opacity":"","overlay-gradient":""},"mobile":{"background-color":"","background-image":"","background-repeat":"repeat","background-position":"center center","background-size":"auto","background-attachment":"scroll","background-type":"","background-media":"","overlay-type":"","overlay-color":"","overlay-opacity":"","overlay-gradient":""}},"ast-content-background-meta":{"desktop":{"background-color":"var(--ast-global-color-5)","background-image":"","background-repeat":"repeat","background-position":"center center","background-size":"auto","background-attachment":"scroll","background-type":"","background-media":"","overlay-type":"","overlay-color":"","overlay-opacity":"","overlay-gradient":""},"tablet":{"background-color":"var(--ast-global-color-5)","background-image":"","background-repeat":"repeat","background-position":"center center","background-size":"auto","background-attachment":"scroll","background-type":"","background-media":"","overlay-type":"","overlay-color":"","overlay-opacity":"","overlay-gradient":""},"mobile":{"background-color":"var(--ast-global-color-5)","background-image":"","background-repeat":"repeat","background-position":"center center","background-size":"auto","background-attachment":"scroll","background-type":"","background-media":"","overlay-type":"","overlay-color":"","overlay-opacity":"","overlay-gradient":""}},"_themeisle_gutenberg_block_has_review":false,"footnotes":""},"class_list":["post-150","page","type-page","status-publish","hentry"],"_links":{"self":[{"href":"https:\/\/psychotherapie-agnesschmelmer.de\/index.php?rest_route=\/wp\/v2\/pages\/150","targetHints":{"allow":["GET"]}}],"collection":[{"href":"https:\/\/psychotherapie-agnesschmelmer.de\/index.php?rest_route=\/wp\/v2\/pages"}],"about":[{"href":"https:\/\/psychotherapie-agnesschmelmer.de\/index.php?rest_route=\/wp\/v2\/types\/page"}],"author":[{"embeddable":true,"href":"https:\/\/psychotherapie-agnesschmelmer.de\/index.php?rest_route=\/wp\/v2\/users\/1"}],"replies":[{"embeddable":true,"href":"https:\/\/psychotherapie-agnesschmelmer.de\/index.php?rest_route=%2Fwp%2Fv2%2Fcomments&post=150"}],"version-history":[{"count":51,"href":"https:\/\/psychotherapie-agnesschmelmer.de\/index.php?rest_route=\/wp\/v2\/pages\/150\/revisions"}],"predecessor-version":[{"id":788,"href":"https:\/\/psychotherapie-agnesschmelmer.de\/index.php?rest_route=\/wp\/v2\/pages\/150\/revisions\/788"}],"wp:attachment":[{"href":"https:\/\/psychotherapie-agnesschmelmer.de\/index.php?rest_route=%2Fwp%2Fv2%2Fmedia&parent=150"}],"curies":[{"name":"wp","href":"https:\/\/api.w.org\/{rel}","templated":true}]}}