{"id":139,"date":"2020-06-18T13:26:39","date_gmt":"2020-06-18T13:26:39","guid":{"rendered":"https:\/\/demosites.io\/psychologist-gb\/?page_id=139"},"modified":"2026-03-11T19:01:14","modified_gmt":"2026-03-11T19:01:14","slug":"68cc9-home","status":"publish","type":"page","link":"https:\/\/psychotherapie-agnesschmelmer.de\/","title":{"rendered":"STARTSEITE"},"content":{"rendered":"\n<div id=\"wp-block-themeisle-blocks-advanced-columns-497c8e9e\" class=\"wp-block-themeisle-blocks-advanced-columns alignfull has-1-columns has-desktop-equal-layout has-tablet-equal-layout has-mobile-collapsedRows-layout has-vertical-unset\"><div class=\"wp-block-themeisle-blocks-advanced-columns-overlay\"><\/div><div class=\"innerblocks-wrap\">\n<div id=\"wp-block-themeisle-blocks-advanced-column-d1941f56\" class=\"wp-block-themeisle-blocks-advanced-column\">\n<h1 id=\"wp-block-themeisle-blocks-advanced-heading-5e8df556\" class=\"wp-block-themeisle-blocks-advanced-heading wp-block-themeisle-blocks-advanced-heading-5e8df556\">Praxis f\u00fcr Psychotherapie<\/h1>\n\n\n\n<div style=\"height:20px\" aria-hidden=\"true\" class=\"wp-block-spacer\"><\/div>\n\n\n\n<p class=\"has-white-color has-text-color has-medium-font-size\">Dipl.-Psych. Agnes Schmelmer<br>Psychologische Psychotherapeutin<\/p>\n\n\n\n<div style=\"height:20px\" aria-hidden=\"true\" class=\"wp-block-spacer\"><\/div>\n<\/div>\n<\/div><\/div>\n\n\n\n<div id=\"wp-block-themeisle-blocks-advanced-columns-0a88d906\" class=\"wp-block-themeisle-blocks-advanced-columns alignfull has-2-columns has-desktop-equal-layout has-tablet-equal-layout has-mobile-collapsedRows-layout has-vertical-unset\"><div class=\"wp-block-themeisle-blocks-advanced-columns-overlay\"><\/div><div class=\"innerblocks-wrap\">\n<div id=\"wp-block-themeisle-blocks-advanced-column-630451b7\" class=\"wp-block-themeisle-blocks-advanced-column\">\n<h4 id=\"wp-block-themeisle-blocks-advanced-heading-1618258f\" class=\"wp-block-themeisle-blocks-advanced-heading wp-block-themeisle-blocks-advanced-heading-1618258f\"><strong>Herzlich willkommen<\/strong><\/h4>\n\n\n\n<p>in meiner psychotherapeutischen Praxis. Ich bin approbierte psychologische Psychotherapeutin mit dem Schwerpunkt Verhaltenstherapie f\u00fcr Erwachsene. Auf den folgenden Seiten erhalten Sie einen \u00dcberblick \u00fcber mich und mein Behandlungsangebot. Sollten Sie sich angesprochen f\u00fchlen, nehmen Sie gerne Kontakt mit mir auf.<\/p>\n<\/div>\n\n\n\n<div id=\"wp-block-themeisle-blocks-advanced-column-d1c22530\" class=\"wp-block-themeisle-blocks-advanced-column\">\n<figure class=\"wp-block-image size-large is-resized is-style-rounded\"><img loading=\"lazy\" decoding=\"async\" width=\"802\" height=\"1024\" src=\"https:\/\/psychotherapie-agnesschmelmer.de\/wp-content\/uploads\/2022\/04\/Homepage4-802x1024.jpg\" alt=\"Dipl.-Psych. Agnes Schmelmer\" class=\"wp-image-646\" style=\"width:172px;height:220px\" srcset=\"https:\/\/psychotherapie-agnesschmelmer.de\/wp-content\/uploads\/2022\/04\/Homepage4-802x1024.jpg 802w, https:\/\/psychotherapie-agnesschmelmer.de\/wp-content\/uploads\/2022\/04\/Homepage4-235x300.jpg 235w, https:\/\/psychotherapie-agnesschmelmer.de\/wp-content\/uploads\/2022\/04\/Homepage4-768x981.jpg 768w, https:\/\/psychotherapie-agnesschmelmer.de\/wp-content\/uploads\/2022\/04\/Homepage4-1203x1536.jpg 1203w, https:\/\/psychotherapie-agnesschmelmer.de\/wp-content\/uploads\/2022\/04\/Homepage4-1604x2048.jpg 1604w, https:\/\/psychotherapie-agnesschmelmer.de\/wp-content\/uploads\/2022\/04\/Homepage4.jpg 1979w\" sizes=\"auto, (max-width: 802px) 100vw, 802px\" \/><\/figure>\n<\/div>\n<\/div><\/div>\n\n\n\n<p><\/p>\n\n\n\n<div class=\"inherit-container-width wp-block-group alignfull is-layout-constrained wp-block-group-is-layout-constrained\"><div class=\"wp-block-group__inner-container\">\n<div class=\"wp-block-columns alignfull are-vertically-aligned-center has-ast-global-color-5-background-color has-background is-layout-flex wp-container-core-columns-is-layout-28f84493 wp-block-columns-is-layout-flex\">\n<div class=\"wp-block-column is-vertically-aligned-center is-layout-flow wp-block-column-is-layout-flow\" style=\"flex-basis:500px\"><div class=\"is-default-size alignright wp-block-site-logo\"><a href=\"https:\/\/psychotherapie-agnesschmelmer.de\/\" class=\"custom-logo-link\" rel=\"home\"><img loading=\"lazy\" decoding=\"async\" width=\"551\" height=\"546\" src=\"https:\/\/psychotherapie-agnesschmelmer.de\/wp-content\/uploads\/2022\/04\/cropped-Logo-1-109x108.jpg\" class=\"custom-logo\" alt=\"Praxis f\u00fcr Psychotherapie\" srcset=\"\" sizes=\"auto, (max-width: 551px) 100vw, 551px\" \/><\/a><\/div><\/div>\n\n\n\n<div class=\"wp-block-column is-vertically-aligned-center is-layout-flow wp-block-column-is-layout-flow\" style=\"flex-basis:400px\">\n<p class=\"has-ast-global-color-8-color has-text-color has-medium-font-size\"><strong>Praxis f\u00fcr Psychotherapie<\/strong><\/p>\n\n\n\n<hr class=\"wp-block-separator has-text-color has-cyan-bluish-gray-color has-css-opacity has-cyan-bluish-gray-background-color has-background is-style-wide\"\/>\n\n\n\n<p>Psychologische Psychotherapeutin<br>Kolbersbach 4<br>94256 Drachselsried<\/p>\n<\/div>\n\n\n\n<div class=\"wp-block-column is-vertically-aligned-center is-layout-flow wp-block-column-is-layout-flow\" style=\"flex-basis:400px\">\n<p><\/p>\n\n\n\n<p><strong>Tel.: 09945\/902630<br>info@psychotherapie-agnesschmelmer.de<\/strong><\/p>\n<\/div>\n<\/div>\n<\/div><\/div>\n\n\n\n<div class=\"wp-block-columns is-layout-flex wp-container-core-columns-is-layout-28f84493 wp-block-columns-is-layout-flex\">\n<div class=\"wp-block-column is-layout-flow wp-block-column-is-layout-flow\"><\/div>\n<\/div>\n","protected":false},"excerpt":{"rendered":"<p>Praxis f\u00fcr Psychotherapie Psychologische PsychotherapeutinKolbersbach 494256 Drachselsried Tel.: 09945\/902630info@psychotherapie-agnesschmelmer.de<\/p>\n","protected":false},"author":1,"featured_media":0,"parent":0,"menu_order":10,"comment_status":"closed","ping_status":"closed","template":"","meta":{"site-sidebar-layout":"no-sidebar","site-content-layout":"","ast-site-content-layout":"default","site-content-style":"default","site-sidebar-style":"default","ast-global-header-display":"","ast-banner-title-visibility":"","ast-main-header-display":"","ast-hfb-above-header-display":"","ast-hfb-below-header-display":"","ast-hfb-mobile-header-display":"","site-post-title":"disabled","ast-breadcrumbs-content":"","ast-featured-img":"","footer-sml-layout":"","ast-disable-related-posts":"","theme-transparent-header-meta":"","adv-header-id-meta":"","stick-header-meta":"","header-above-stick-meta":"","header-main-stick-meta":"","header-below-stick-meta":"","astra-migrate-meta-layouts":"set","ast-page-background-enabled":"default","ast-page-background-meta":{"desktop":{"background-color":"var(--ast-global-color-4)","background-image":"","background-repeat":"repeat","background-position":"center center","background-size":"auto","background-attachment":"scroll","background-type":"","background-media":"","overlay-type":"","overlay-color":"","overlay-opacity":"","overlay-gradient":""},"tablet":{"background-color":"","background-image":"","background-repeat":"repeat","background-position":"center center","background-size":"auto","background-attachment":"scroll","background-type":"","background-media":"","overlay-type":"","overlay-color":"","overlay-opacity":"","overlay-gradient":""},"mobile":{"background-color":"","background-image":"","background-repeat":"repeat","background-position":"center center","background-size":"auto","background-attachment":"scroll","background-type":"","background-media":"","overlay-type":"","overlay-color":"","overlay-opacity":"","overlay-gradient":""}},"ast-content-background-meta":{"desktop":{"background-color":"var(--ast-global-color-5)","background-image":"","background-repeat":"repeat","background-position":"center center","background-size":"auto","background-attachment":"scroll","background-type":"","background-media":"","overlay-type":"","overlay-color":"","overlay-opacity":"","overlay-gradient":""},"tablet":{"background-color":"var(--ast-global-color-5)","background-image":"","background-repeat":"repeat","background-position":"center center","background-size":"auto","background-attachment":"scroll","background-type":"","background-media":"","overlay-type":"","overlay-color":"","overlay-opacity":"","overlay-gradient":""},"mobile":{"background-color":"var(--ast-global-color-5)","background-image":"","background-repeat":"repeat","background-position":"center center","background-size":"auto","background-attachment":"scroll","background-type":"","background-media":"","overlay-type":"","overlay-color":"","overlay-opacity":"","overlay-gradient":""}},"_themeisle_gutenberg_block_has_review":false,"footnotes":""},"class_list":["post-139","page","type-page","status-publish","hentry"],"_links":{"self":[{"href":"https:\/\/psychotherapie-agnesschmelmer.de\/index.php?rest_route=\/wp\/v2\/pages\/139","targetHints":{"allow":["GET"]}}],"collection":[{"href":"https:\/\/psychotherapie-agnesschmelmer.de\/index.php?rest_route=\/wp\/v2\/pages"}],"about":[{"href":"https:\/\/psychotherapie-agnesschmelmer.de\/index.php?rest_route=\/wp\/v2\/types\/page"}],"author":[{"embeddable":true,"href":"https:\/\/psychotherapie-agnesschmelmer.de\/index.php?rest_route=\/wp\/v2\/users\/1"}],"replies":[{"embeddable":true,"href":"https:\/\/psychotherapie-agnesschmelmer.de\/index.php?rest_route=%2Fwp%2Fv2%2Fcomments&post=139"}],"version-history":[{"count":56,"href":"https:\/\/psychotherapie-agnesschmelmer.de\/index.php?rest_route=\/wp\/v2\/pages\/139\/revisions"}],"predecessor-version":[{"id":814,"href":"https:\/\/psychotherapie-agnesschmelmer.de\/index.php?rest_route=\/wp\/v2\/pages\/139\/revisions\/814"}],"wp:attachment":[{"href":"https:\/\/psychotherapie-agnesschmelmer.de\/index.php?rest_route=%2Fwp%2Fv2%2Fmedia&parent=139"}],"curies":[{"name":"wp","href":"https:\/\/api.w.org\/{rel}","templated":true}]}}